{"id":4273,"date":"2015-03-12T14:52:34","date_gmt":"2015-03-12T14:52:34","guid":{"rendered":"http:\/\/demo-content.kaliumtheme.com\/freelancer\/?page_id=2167"},"modified":"2026-03-22T12:52:58","modified_gmt":"2026-03-22T12:52:58","slug":"about","status":"publish","type":"page","link":"https:\/\/larsschlenker.online\/transspatial\/about","title":{"rendered":"UEBER"},"content":{"rendered":"<div class=\"wpb-content-wrapper\"><p>[vc_row css=&#8220;.vc_custom_1758193800601{margin-top: 30px !important;}&#8220;][vc_column width=&#8220;1\/2&#8243;][vc_column_text css=&#8220;&#8220;]<\/p>\n<h2>Umgebungen<\/h2>\n<p>Die Produktion von Raum in der Gegenwart ist gepr\u00e4gt von Transformation und Transdisziplinarit\u00e4t. Gesellschaftliche und technologische Entwicklungen ver\u00e4ndern nicht nur wie wir leben, lernen und arbeiten, sondern auch wo. Digitalit\u00e4t und Virtualit\u00e4t erzeugen neue Orte und r\u00e4umliche Optionen. In diesem Spannungsfeld der Gestaltung sich \u00fcberlagernder und verbundener physischer und digitaler R\u00e4ume bewegen sich die Arbeiten und Projekte von TRANS SPATIAL. Sie thematisieren die netzbasierte Interaktion von Stakeholdern, Einrichtungen und Orten und das Entwerfen hybrider und verteilter Umgebungen bis zum Entwickeln individueller architektonischer Konzepte, Programme und Interventionen.[\/vc_column_text][\/vc_column][vc_column width=&#8220;1\/2&#8243;][vc_column_text css=&#8220;&#8220;]<\/p>\n<h2>Prozesse<\/h2>\n<p>Die Gestaltung von r\u00e4umlichen Umgebungen l\u00e4sst sich als sozialer Prozess gestalten, in dem sich Nutzerinnen und Experten gleichberechtigt begegnen und austauschen. Erfolgreiche Kommunikation schafft Transparenz und erm\u00f6glicht Teilhabe an den Ideen und Vorstellungen der anderen Beteiligten. Ohne eine enge Zusammenarbeit unterschiedlicher Disziplinen, zu der raum- und medienbezogene ebenso geh\u00f6ren wie sozial- und bildungswissenschaftliche, ist dies nicht m\u00f6glich. TRANS SPATIAL steht daher auch f\u00fcr den transdisziplin\u00e4ren Diskurs und die forschungsbasierte Entwicklung von Methoden und Formaten, mit deren Hilfe Ver\u00e4nderung nutzer- und teilhabeorientiert geplant und bewertet werden kann.[\/vc_column_text][\/vc_column][\/vc_row][vc_row][vc_column width=&#8220;1\/2&#8243;][vc_column_text css=&#8220;&#8220;]<\/p>\n<h2>Personen<\/h2>\n<p>TRANS SPATIAL ist an keine Institution gebunden und repr\u00e4sentiert keine Gruppe oder Firma. Die Zusammenarbeit unterschiedlicher Akteure und Expertinnen ist tempor\u00e4r und abh\u00e4ngig von Methodik und Thema. Initiiert wurde TRANS SPATIAL von Lars Schlenker. Er hat Architektur (Diplom, TU Dresden) und Educational Media (Master of Arts, Universit\u00e4t Duisburg-Essen) studiert sowie zu sozial-r\u00e4umlichen Kontexten virtueller Lern- und Arbeitsumgebungen promoviert (Dr. phil., Universit\u00e4t Duisburg-Essen). Seit mehr als 20 Jahren arbeitet, forscht und lehrt er an den transdisziplin\u00e4ren Schnittstellen von Architektur, Bildung und Digitalit\u00e4t in unterschiedlichen Rollen und fachlichen Kontexten.[\/vc_column_text][\/vc_column][vc_column width=&#8220;1\/2&#8243;][vc_column_text css=&#8220;&#8220;]<\/p>\n<h2>Kontakt<\/h2>\n<p>Via E-Mail: <a href=\"javascript:secureDecryptAndNavigate('HABAqyZYSuuDGxJ+t1ejgc9ur1SUblsvGNmWqoc9qoaH2qI9o10Z44gnEPPzs+05QFhfQW9jw6SUwljQ+tKmiQK6Tn5kL29zyWddx1GFFuh\/z6dJWA==', '32037049e485522dc90717c9f7c8757a444e7e2af7e2ad97d3f63a178e5379d5')\">t&#114;a&#110;s&#115;&#112;atia&#108;&#64;la&#114;s&#115;&#99;h&#108;e&#110;&#107;&#101;r.&#110;&#101;&#116;<\/a><br \/>\nVia Netzwerk: <a href=\"http:\/\/www.researchgate.net\/profile\/Lars_Schlenker\" target=\"_blank\" rel=\"noopener\">ResearchGate<\/a>[\/vc_column_text][\/vc_column][\/vc_row]<\/p>\n<\/div>","protected":false},"excerpt":{"rendered":"<p>[vc_row css=&#8220;.vc_custom_1758193800601{margin-top: 30px !important;}&#8220;][vc_column width=&#8220;1\/2&#8243;][vc_column_text css=&#8220;&#8220;] Umgebungen Die Produktion von Raum in der Gegenwart ist gepr\u00e4gt von Transformation und Transdisziplinarit\u00e4t. Gesellschaftliche und technologische Entwicklungen ver\u00e4ndern nicht nur wie wir leben, lernen und arbeiten, sondern auch wo. Digitalit\u00e4t und Virtualit\u00e4t erzeugen neue Orte und r\u00e4umliche Optionen. In diesem Spannungsfeld der Gestaltung sich \u00fcberlagernder und verbundener physischer&hellip;<\/p>\n","protected":false},"author":1,"featured_media":0,"parent":0,"menu_order":0,"comment_status":"open","ping_status":"open","template":"","meta":{"_acf_changed":false,"footnotes":""},"class_list":["post-4273","page","type-page","status-publish","hentry"],"acf":[],"_links":{"self":[{"href":"https:\/\/larsschlenker.online\/transspatial\/wp-json\/wp\/v2\/pages\/4273","targetHints":{"allow":["GET"]}}],"collection":[{"href":"https:\/\/larsschlenker.online\/transspatial\/wp-json\/wp\/v2\/pages"}],"about":[{"href":"https:\/\/larsschlenker.online\/transspatial\/wp-json\/wp\/v2\/types\/page"}],"author":[{"embeddable":true,"href":"https:\/\/larsschlenker.online\/transspatial\/wp-json\/wp\/v2\/users\/1"}],"replies":[{"embeddable":true,"href":"https:\/\/larsschlenker.online\/transspatial\/wp-json\/wp\/v2\/comments?post=4273"}],"version-history":[{"count":487,"href":"https:\/\/larsschlenker.online\/transspatial\/wp-json\/wp\/v2\/pages\/4273\/revisions"}],"predecessor-version":[{"id":9098,"href":"https:\/\/larsschlenker.online\/transspatial\/wp-json\/wp\/v2\/pages\/4273\/revisions\/9098"}],"wp:attachment":[{"href":"https:\/\/larsschlenker.online\/transspatial\/wp-json\/wp\/v2\/media?parent=4273"}],"curies":[{"name":"wp","href":"https:\/\/api.w.org\/{rel}","templated":true}]}}